{"id":3698,"date":"2025-12-09T09:40:36","date_gmt":"2025-12-09T12:40:36","guid":{"rendered":"http:\/\/telefoniaprivada.ar\/web\/?page_id=3698"},"modified":"2025-12-09T09:40:36","modified_gmt":"2025-12-09T12:40:36","slug":"politica-devoluciones","status":"publish","type":"page","link":"https:\/\/telefoniaprivada.ar\/web\/politica-devoluciones\/","title":{"rendered":"Politica Devoluciones"},"content":{"rendered":"\n<h2 class=\"wp-block-heading has-medium-font-size\"><strong>Pol\u00edticas de devoluci\u00f3n y cambios<\/strong><\/h2>\n\n\n\n<p class=\"has-medium-font-size\">El cambio de productos en Telefon\u00eda Privada se acepta dentro de los 5 d\u00edas siguientes a la compra. Es necesario para la devoluci\u00f3n y cambio, que el producto se encuentre sin uso, en perfectas condiciones, con etiquetas, accesorios y empaques originales sin violar (incluyendo manuales, gu\u00edas de uso, certificados de garant\u00eda, etc.).<\/p>\n\n\n\n<p class=\"has-medium-font-size\">En caso de cambio por falla de f\u00e1brica (dentro de los 5 d\u00edas corridos) el producto debe encontrarse en perfectas condiciones, sin da\u00f1os f\u00edsicos&nbsp;(golpes, marcas, roturas, quemaduras, tierra \/ arena \/ agua, qu\u00edmicos. etc.)con etiquetas, accesorios y empaques originales (incluyendo manuales, gu\u00edas de uso, certificados de garant\u00eda, etc..).&nbsp;En todos los casos se deber\u00e1 conservar la factura y\/o remitos de entrega.<\/p>\n\n\n\n<p class=\"has-medium-font-size\">En caso de cambio o devoluci\u00f3n el costo del env\u00edo y retiro, seg\u00fan sea el caso, ser\u00e1 asumido por Telefon\u00eda Privada s\u00f3lo cuando al momento de la compra el cliente haya realizado la misma con env\u00edo a domicilio, y cuando la devoluci\u00f3n o cambio se produzca porque:<\/p>\n\n\n\n<p class=\"has-medium-font-size\">a) El producto no corresponde al detalle de la factura.<br>b) El producto corresponde al detalle de la factura, pero no es lo solicitado en la orden de compra.<\/p>\n\n\n\n<h3 class=\"wp-block-heading has-medium-font-size\"><strong>Garant\u00edas y Servicios T\u00e9cnicos<\/strong><\/h3>\n\n\n\n<p class=\"has-medium-font-size\">Todos los productos comercializados en Telefon\u00eda Privada cuentan con garant\u00eda oficial en pa\u00eds, provista por la marca o el representante oficial de la misma en Argentina.<\/p>\n\n\n\n<p class=\"has-medium-font-size\">En todos los casos, pasados los 5 d\u00edas corridos de realizada la compra, el cliente deber\u00e1 tramitar la garant\u00eda correspondiente a su art\u00edculo en el lugar especificado por la marca con el producto y su factura de compra.<\/p>\n","protected":false},"excerpt":{"rendered":"<p>Pol\u00edticas de devoluci\u00f3n y cambios El cambio de productos en Telefon\u00eda Privada se acepta dentro de los 5 d\u00edas siguientes a la compra. Es necesario para la devoluci\u00f3n y cambio, que el producto se encuentre sin uso, en perfectas condiciones, con etiquetas, accesorios y empaques originales sin violar (incluyendo manuales, gu\u00edas de uso, certificados de [&hellip;]<\/p>\n","protected":false},"author":2,"featured_media":0,"parent":0,"menu_order":0,"comment_status":"closed","ping_status":"closed","template":"","meta":{"footnotes":""},"class_list":["post-3698","page","type-page","status-publish","hentry"],"_links":{"self":[{"href":"https:\/\/telefoniaprivada.ar\/web\/wp-json\/wp\/v2\/pages\/3698","targetHints":{"allow":["GET"]}}],"collection":[{"href":"https:\/\/telefoniaprivada.ar\/web\/wp-json\/wp\/v2\/pages"}],"about":[{"href":"https:\/\/telefoniaprivada.ar\/web\/wp-json\/wp\/v2\/types\/page"}],"author":[{"embeddable":true,"href":"https:\/\/telefoniaprivada.ar\/web\/wp-json\/wp\/v2\/users\/2"}],"replies":[{"embeddable":true,"href":"https:\/\/telefoniaprivada.ar\/web\/wp-json\/wp\/v2\/comments?post=3698"}],"version-history":[{"count":1,"href":"https:\/\/telefoniaprivada.ar\/web\/wp-json\/wp\/v2\/pages\/3698\/revisions"}],"predecessor-version":[{"id":3699,"href":"https:\/\/telefoniaprivada.ar\/web\/wp-json\/wp\/v2\/pages\/3698\/revisions\/3699"}],"wp:attachment":[{"href":"https:\/\/telefoniaprivada.ar\/web\/wp-json\/wp\/v2\/media?parent=3698"}],"curies":[{"name":"wp","href":"https:\/\/api.w.org\/{rel}","templated":true}]}}