{"id":2213,"date":"2023-12-17T03:10:02","date_gmt":"2023-12-17T06:10:02","guid":{"rendered":"http:\/\/telefoniaprivada.ar\/web\/?page_id=2213"},"modified":"2025-12-09T09:33:02","modified_gmt":"2025-12-09T12:33:02","slug":"politica-de-devoluciones-para-argentina","status":"publish","type":"page","link":"https:\/\/telefoniaprivada.ar\/web\/politica-de-devoluciones-para-argentina\/","title":{"rendered":"T\u00e9rminos y condiciones"},"content":{"rendered":"\n<p>Este contrato describe los t\u00e9rminos y condiciones generales (los \u00abt\u00e9rminos y condiciones generales\u00bb) aplicables al uso de los servicios de informacion ofrecidos por Telefon\u00eda Privada de Carlos A. Sanmartin, (\u00ablos servicios\u00bb) dentro de nuestro sitio www.telefon\u00edaprivada.ar (\u00abTelefon\u00eda Privada\u00bb o el \u00absitio\u00bb). Cualquier persona (en adelante \u00abUsuario\u00bb o en plural \u00abUsuarios\u00bb) que desee acceder y\/o usar el sitio o los servicios podr\u00e1 hacerlo sujet\u00e1ndose a los t\u00e9rminos y condiciones generales respectivos, junto con todas las dem\u00e1s pol\u00edticas y principios que rigen Telefon\u00eda Privada y que son incorporados al presente por referencia.<br><br>Cualquier persona que no acepte estos t\u00e9rminos y condiciones generales, los cuales tienen un car\u00e1cter obligatorio y vinculante, deber\u00e1 abstenerse de utilizar el sitio y\/o los servicios.<br>El Usuario debe leer, entender y aceptar todas las condiciones establecidas en los t\u00e9rminos y condiciones generales y en las pol\u00edticas de privacidad as\u00ed como en los dem\u00e1s documentos incorporados a los mismos por referencia, previo al uso de Telefon\u00eda Privada.<\/p>\n\n\n\n<h4 class=\"wp-block-heading\"><strong>01 &#8211; Capacidad<\/strong><\/h4>\n\n\n\n<p>Los servicios de informacion s\u00f3lo est\u00e1n disponibles para personas que tengan capacidad legal para contratar. No podr\u00e1n utilizar los servicios las personas que no tengan la mayor\u00eda de edad. Si est\u00e1s registrando un usuario como empresa, debes tener capacidad para contratar a nombre de tal entidad y de obligar a la misma en los t\u00e9rminos de este acuerdo.<\/p>\n\n\n\n<h4 class=\"wp-block-heading\"><strong>02 &#8211; Modificaciones del acuerdo<\/strong><\/h4>\n\n\n\n<p>Telefon\u00eda Privada podr\u00e1 modificar los t\u00e9rminos y condiciones generales en cualquier momento haciendo p\u00fablicos en el sitio los t\u00e9rminos modificados. Todos los t\u00e9rminos modificados entrar\u00e1n en vigor al momento de su publicaci\u00f3n. Dentro de los 5 (cinco) d\u00edas siguientes a la publicaci\u00f3n de las modificaciones introducidas, el usuario deber\u00e1 comunicar si no acepta las mismas; en ese caso quedar\u00e1 disuelto el v\u00ednculo contractual y ser\u00e1 inhabilitado como usuario siempre que no tenga deudas pendientes. Vencido este plazo, se considerar\u00e1 que el usuario acepta los nuevos t\u00e9rminos y el contrato continuar\u00e1 vinculando a ambas partes.<\/p>\n\n\n\n<h4 class=\"wp-block-heading\"><strong>03 &#8211; Listado de bienes<\/strong><\/h4>\n\n\n\n<p>4.1 Publicaci\u00f3n de servicios de informacion. Las publicaciones incluyen textos descriptivos, gr\u00e1ficos, fotograf\u00edas y otros contenidos y condiciones pertinentes para ofrecer informacion sobre los servicios brindados. El producto ofrecido por Telefon\u00eda Privada es descripto e informativo en cuanto a sus condiciones y caracter\u00edsticas relevantes seg\u00fan informaci\u00f3n provista por los fabricante de la marcas ofrecida, estando las mismas sujetas a cambios sin previo aviso. Los precios de los productos publicados deber\u00e1n ser expresados con iva incluido, y en moneda del curso legal Luego de la consulta del Usuario o los Usuarios.<br>4.2 Inclusi\u00f3n de im\u00e1genes y fotograf\u00edas<br>Las im\u00e1genes y fotograf\u00edas del producto ofrecido no pertenecen con los Sevicios de informacion.<\/p>\n\n\n\n<h3 class=\"wp-block-heading\"><strong>03 &#8211; Privacidad de la informaci\u00f3n<\/strong><\/h3>\n\n\n\n<p>Telefon\u00eda Privada s\u00f3lo utilizar\u00e1 la informaci\u00f3n referida a su identidad como usuario (entendi\u00e9ndose por ello, sin car\u00e1cter de taxativo, al nombre, direcci\u00f3n, tel\u00e9fono, direcci\u00f3n de e-mail, entre otra, en adelante la \u201cinformaci\u00f3n personal\u201d) para los fines propios del servicio de informacion, o con fines de marketing propio, pero en ning\u00fan caso revelaremos esa informaci\u00f3n a terceros.<br>Para mayor informaci\u00f3n sobre la privacidad de los datos personales y casos en los que ser\u00e1 revelada la informaci\u00f3n personal, se pueden consultar nuestras pol\u00edticas de privacidad.<\/p>\n\n\n\n<h3 class=\"wp-block-heading\"><strong>04 &#8211; Jurisdicci\u00f3n y ley aplicable<\/strong><\/h3>\n\n\n\n<p>Toda cuesti\u00f3n entre Telefon\u00eda Privada y el Usuario estar\u00e1 regida por las leyes de la Rep\u00fablica Argentina, con exclusi\u00f3n de toda norma que remita a la aplicaci\u00f3n de una ley extranjera. Cualquier controversia ser\u00e1 sometida a los tribunales ordinarios de la ciudad de Rosario.<\/p>\n\n\n\n<h3 class=\"wp-block-heading\"><strong>05 &#8211; Datos<\/strong><\/h3>\n\n\n\n<p>Sanmartin Carlos Anselmo<\/p>\n\n\n\n<p>Rosario, Provincia de Santa Fe, Republica Argentina<\/p>\n\n\n\n<p>3414499078<\/p>\n\n\n\n<p>csanmartin@voz-datos.com.ar<\/p>\n","protected":false},"excerpt":{"rendered":"<p>Este contrato describe los t\u00e9rminos y condiciones generales (los \u00abt\u00e9rminos y condiciones generales\u00bb) aplicables al uso de los servicios de informacion ofrecidos por Telefon\u00eda Privada de Carlos A. Sanmartin, (\u00ablos servicios\u00bb) dentro de nuestro sitio www.telefon\u00edaprivada.ar (\u00abTelefon\u00eda Privada\u00bb o el \u00absitio\u00bb). Cualquier persona (en adelante \u00abUsuario\u00bb o en plural \u00abUsuarios\u00bb) que desee acceder y\/o usar [&hellip;]<\/p>\n","protected":false},"author":2,"featured_media":0,"parent":0,"menu_order":0,"comment_status":"closed","ping_status":"closed","template":"","meta":{"footnotes":""},"class_list":["post-2213","page","type-page","status-publish","hentry"],"_links":{"self":[{"href":"https:\/\/telefoniaprivada.ar\/web\/wp-json\/wp\/v2\/pages\/2213","targetHints":{"allow":["GET"]}}],"collection":[{"href":"https:\/\/telefoniaprivada.ar\/web\/wp-json\/wp\/v2\/pages"}],"about":[{"href":"https:\/\/telefoniaprivada.ar\/web\/wp-json\/wp\/v2\/types\/page"}],"author":[{"embeddable":true,"href":"https:\/\/telefoniaprivada.ar\/web\/wp-json\/wp\/v2\/users\/2"}],"replies":[{"embeddable":true,"href":"https:\/\/telefoniaprivada.ar\/web\/wp-json\/wp\/v2\/comments?post=2213"}],"version-history":[{"count":5,"href":"https:\/\/telefoniaprivada.ar\/web\/wp-json\/wp\/v2\/pages\/2213\/revisions"}],"predecessor-version":[{"id":3388,"href":"https:\/\/telefoniaprivada.ar\/web\/wp-json\/wp\/v2\/pages\/2213\/revisions\/3388"}],"wp:attachment":[{"href":"https:\/\/telefoniaprivada.ar\/web\/wp-json\/wp\/v2\/media?parent=2213"}],"curies":[{"name":"wp","href":"https:\/\/api.w.org\/{rel}","templated":true}]}}